{"id":6875,"date":"2025-09-26T13:07:53","date_gmt":"2025-09-26T13:07:53","guid":{"rendered":"https:\/\/expleoacademy.com\/de-de\/?page_id=6875"},"modified":"2026-04-16T10:41:31","modified_gmt":"2026-04-16T10:41:31","slug":"barrierefreiheit","status":"publish","type":"page","link":"https:\/\/expleoacademy.com\/de-de\/barrierefreiheit\/","title":{"rendered":"Barrierefreiheit"},"content":{"rendered":"\t\t<div data-elementor-type=\"wp-page\" data-elementor-id=\"6875\" class=\"elementor elementor-6875\" data-elementor-post-type=\"page\">\n\t\t\t\t<div class=\"elementor-element elementor-element-799f75f e-con-full e-flex e-con e-parent\" data-id=\"799f75f\" data-element_type=\"container\" data-e-type=\"container\">\n\t\t<div class=\"elementor-element elementor-element-043029c e-con-full e-flex e-con e-child\" data-id=\"043029c\" data-element_type=\"container\" data-e-type=\"container\">\n\t\t<div class=\"elementor-element elementor-element-953cb77 has-ellips e-flex e-con-boxed e-con e-child\" data-id=\"953cb77\" data-element_type=\"container\" data-e-type=\"container\" data-settings=\"{&quot;background_background&quot;:&quot;classic&quot;}\">\n\t\t\t\t\t<div class=\"e-con-inner\">\n\t\t\t\t<div class=\"elementor-element elementor-element-5608878 elementor-widget elementor-widget-breadcrumbs\" data-id=\"5608878\" data-element_type=\"widget\" data-e-type=\"widget\" data-widget_type=\"breadcrumbs.default\">\n\t\t\t\t<div class=\"elementor-widget-container\">\n\t\t\t\t\t<p id=\"breadcrumbs\"><span><span><a href=\"https:\/\/expleoacademy.com\/de-de\/\">Homepage<\/a><\/span><\/span><\/p>\t\t\t\t<\/div>\n\t\t\t\t<\/div>\n\t\t\t\t<div class=\"elementor-element elementor-element-701d756 elementor-widget__width-initial elementor-widget elementor-widget-heading\" data-id=\"701d756\" data-element_type=\"widget\" data-e-type=\"widget\" data-widget_type=\"heading.default\">\n\t\t\t\t<div class=\"elementor-widget-container\">\n\t\t\t\t\t<h1 class=\"elementor-heading-title elementor-size-default\">ERKL\u00c4RUNG ZUR BARRIEREFREIHEIT<\/h1>\t\t\t\t<\/div>\n\t\t\t\t<\/div>\n\t\t\t\t\t<\/div>\n\t\t\t\t<\/div>\n\t\t\t\t<\/div>\n\t\t<div class=\"elementor-element elementor-element-2023439 e-flex e-con-boxed e-con e-child\" data-id=\"2023439\" data-element_type=\"container\" data-e-type=\"container\">\n\t\t\t\t\t<div class=\"e-con-inner\">\n\t\t\t\t<div class=\"elementor-element elementor-element-6dbc9fa elementor-widget elementor-widget-heading\" data-id=\"6dbc9fa\" data-element_type=\"widget\" data-e-type=\"widget\" data-widget_type=\"heading.default\">\n\t\t\t\t<div class=\"elementor-widget-container\">\n\t\t\t\t\t<h2 class=\"elementor-heading-title elementor-size-default\">1. Unser Engagement f\u00fcr Zug\u00e4nglichkeit<\/h2>\t\t\t\t<\/div>\n\t\t\t\t<\/div>\n\t\t\t\t<div class=\"elementor-element elementor-element-4150d01 elementor-widget elementor-widget-text-editor\" data-id=\"4150d01\" data-element_type=\"widget\" data-e-type=\"widget\" data-widget_type=\"text-editor.default\">\n\t\t\t\t<div class=\"elementor-widget-container\">\n\t\t\t\t\t\t\t\t\t<p>Wir verpflichten uns, sicherzustellen, dass unsere Website f\u00fcr alle Nutzer zug\u00e4nglich ist, unabh\u00e4ngig von ihren F\u00e4higkeiten. Unser Ziel ist es, ein inklusives und benutzerfreundliches Erlebnis zu bieten, indem wir anerkannte Standards f\u00fcr Zug\u00e4nglichkeit einhalten und unsere digitalen Dienste kontinuierlich verbessern.<\/p>\t\t\t\t\t\t\t\t<\/div>\n\t\t\t\t<\/div>\n\t\t\t\t\t<\/div>\n\t\t\t\t<\/div>\n\t\t<div class=\"elementor-element elementor-element-4d43650 e-flex e-con-boxed e-con e-child\" data-id=\"4d43650\" data-element_type=\"container\" data-e-type=\"container\">\n\t\t\t\t\t<div class=\"e-con-inner\">\n\t\t\t\t<div class=\"elementor-element elementor-element-264449c elementor-widget elementor-widget-heading\" data-id=\"264449c\" data-element_type=\"widget\" data-e-type=\"widget\" data-widget_type=\"heading.default\">\n\t\t\t\t<div class=\"elementor-widget-container\">\n\t\t\t\t\t<h2 class=\"elementor-heading-title elementor-size-default\">2. Konformit\u00e4t mit Standards<\/h2>\t\t\t\t<\/div>\n\t\t\t\t<\/div>\n\t\t\t\t<div class=\"elementor-element elementor-element-20185e9 elementor-widget elementor-widget-text-editor\" data-id=\"20185e9\" data-element_type=\"widget\" data-e-type=\"widget\" data-widget_type=\"text-editor.default\">\n\t\t\t\t<div class=\"elementor-widget-container\">\n\t\t\t\t\t\t\t\t\t<p>Diese Website wurde in \u00dcbereinstimmung mit den Richtlinien f\u00fcr zug\u00e4ngliche Webinhalte (WCAG) 2.1, die vom World Wide Web Consortium (W3C) ver\u00f6ffentlicht wurden, gestaltet und entwickelt. Diese Richtlinien definieren, wie Webinhalte f\u00fcr Menschen mit Behinderungen zug\u00e4nglicher gemacht werden k\u00f6nnen, einschlie\u00dflich (aber nicht beschr\u00e4nkt auf) Menschen mit visuellen, auditiven, kognitiven oder motorischen Beeintr\u00e4chtigungen.<\/p><p>Wo immer m\u00f6glich, verwenden wir Zug\u00e4nglichkeits-Tools, die es den Besuchern erm\u00f6glichen, die Oberfl\u00e4che und das Design der Website an ihre individuellen Bed\u00fcrfnisse anzupassen.<\/p>\t\t\t\t\t\t\t\t<\/div>\n\t\t\t\t<\/div>\n\t\t\t\t\t<\/div>\n\t\t\t\t<\/div>\n\t\t<div class=\"elementor-element elementor-element-0c01b29 e-flex e-con-boxed e-con e-child\" data-id=\"0c01b29\" data-element_type=\"container\" data-e-type=\"container\">\n\t\t\t\t\t<div class=\"e-con-inner\">\n\t\t\t\t<div class=\"elementor-element elementor-element-9446ebf elementor-widget elementor-widget-heading\" data-id=\"9446ebf\" data-element_type=\"widget\" data-e-type=\"widget\" data-widget_type=\"heading.default\">\n\t\t\t\t<div class=\"elementor-widget-container\">\n\t\t\t\t\t<h2 class=\"elementor-heading-title elementor-size-default\">3. Einschr\u00e4nkungen und Inhalte von Drittanbietern<\/h2>\t\t\t\t<\/div>\n\t\t\t\t<\/div>\n\t\t\t\t<div class=\"elementor-element elementor-element-ec0170e elementor-widget elementor-widget-text-editor\" data-id=\"ec0170e\" data-element_type=\"widget\" data-e-type=\"widget\" data-widget_type=\"text-editor.default\">\n\t\t\t\t<div class=\"elementor-widget-container\">\n\t\t\t\t\t\t\t\t\t<p>Obwohl wir uns nach Kr\u00e4ften bem\u00fchen, die Zug\u00e4nglichkeit unserer gesamten Website zu gew\u00e4hrleisten, sind einige Inhalte m\u00f6glicherweise nicht vollst\u00e4ndig zug\u00e4nglich. Dies kann Folgendes umfassen:<\/p><ul><li>Seiten oder Abschnitte, die noch nicht vollst\u00e4ndig angepasst sind,<\/li><li>Inhalte, die \u00fcber Iframes eingebettet sind,<\/li><li>Anwendungen oder Dienste von Drittanbietern, die wir integrieren, aber nicht direkt kontrollieren.<br \/><br \/><\/li><\/ul><p>Wir werden diese Bereiche weiterhin reviewen und nach L\u00f6sungen suchen, wo dies m\u00f6glich ist. Die vollst\u00e4ndige Zug\u00e4nglichkeit kann jedoch von Drittanbietern abh\u00e4ngen.<\/p>\t\t\t\t\t\t\t\t<\/div>\n\t\t\t\t<\/div>\n\t\t\t\t\t<\/div>\n\t\t\t\t<\/div>\n\t\t<div class=\"elementor-element elementor-element-5b98c29 e-flex e-con-boxed e-con e-child\" data-id=\"5b98c29\" data-element_type=\"container\" data-e-type=\"container\">\n\t\t\t\t\t<div class=\"e-con-inner\">\n\t\t\t\t<div class=\"elementor-element elementor-element-2b7dd11 elementor-widget elementor-widget-heading\" data-id=\"2b7dd11\" data-element_type=\"widget\" data-e-type=\"widget\" data-widget_type=\"heading.default\">\n\t\t\t\t<div class=\"elementor-widget-container\">\n\t\t\t\t\t<h2 class=\"elementor-heading-title elementor-size-default\">4. Laufende Bem\u00fchungen<\/h2>\t\t\t\t<\/div>\n\t\t\t\t<\/div>\n\t\t\t\t<div class=\"elementor-element elementor-element-464d566 elementor-widget elementor-widget-text-editor\" data-id=\"464d566\" data-element_type=\"widget\" data-e-type=\"widget\" data-widget_type=\"text-editor.default\">\n\t\t\t\t<div class=\"elementor-widget-container\">\n\t\t\t\t\t\t\t\t\t<p>Zug\u00e4nglichkeit ist ein fortlaufender Prozess. Wir arbeiten aktiv daran, diese Probleme zu l\u00f6sen und die Zug\u00e4nglichkeit unserer Plattform insgesamt zu verbessern. Wir \u00fcberpr\u00fcfen, auditieren und testen unsere Website regelm\u00e4\u00dfig, um Bereiche mit Verbesserungspotenzial zu identifizieren und die Konformit\u00e4t mit den geltenden Gesetzen, einschlie\u00dflich der Europ\u00e4ischen Zug\u00e4nglichkeitsverordnung (Richtlinie (EU) 2019\/882), sicherzustellen.<\/p>\t\t\t\t\t\t\t\t<\/div>\n\t\t\t\t<\/div>\n\t\t\t\t\t<\/div>\n\t\t\t\t<\/div>\n\t\t<div class=\"elementor-element elementor-element-1edc52c e-flex e-con-boxed e-con e-child\" data-id=\"1edc52c\" data-element_type=\"container\" data-e-type=\"container\">\n\t\t\t\t\t<div class=\"e-con-inner\">\n\t\t\t\t<div class=\"elementor-element elementor-element-457054c elementor-widget elementor-widget-heading\" data-id=\"457054c\" data-element_type=\"widget\" data-e-type=\"widget\" data-widget_type=\"heading.default\">\n\t\t\t\t<div class=\"elementor-widget-container\">\n\t\t\t\t\t<h2 class=\"elementor-heading-title elementor-size-default\">5. Feedback und Kontaktinformationen<\/h2>\t\t\t\t<\/div>\n\t\t\t\t<\/div>\n\t\t\t\t<div class=\"elementor-element elementor-element-a04a3ff elementor-widget elementor-widget-text-editor\" data-id=\"a04a3ff\" data-element_type=\"widget\" data-e-type=\"widget\" data-widget_type=\"text-editor.default\">\n\t\t\t\t<div class=\"elementor-widget-container\">\n\t\t\t\t\t\t\t\t\t<p>Wir freuen uns \u00fcber R\u00fcckmeldungen von Nutzern, die uns helfen, Hindernisse f\u00fcr die Zug\u00e4nglichkeit zu erkennen und zu beseitigen.<\/p><ul><li>Wenn Sie bei der Nutzung unserer Website auf ein Problem sto\u00dfen,<\/li><li>wenn Sie glauben, dass einige Inhalte nicht vollst\u00e4ndig zug\u00e4nglich sind, oder<\/li><li>Wenn Sie Vorschl\u00e4ge zur Verbesserung der Zug\u00e4nglichkeit haben,<\/li><\/ul><p><span style=\"font-size: 1rem;\"><br \/>kontaktieren Sie uns bitte \u00fcber:<\/span><\/p><ul><li><a href=\"https:\/\/expleoacademy.com\/de-de\/kontakt\/\">Contact form<\/a><\/li><\/ul><p><span style=\"font-size: 1rem;\"><br \/>Wir bem\u00fchen uns, auf R\u00fcckmeldungen zur Zug\u00e4nglichkeit innerhalb eines angemessenen Zeitrahmens zu reagieren und auf Anfrage alternative Formate bereitzustellen, sofern dies m\u00f6glich ist.<\/span><\/p><p>Wenn Sie mit unserer Antwort nicht zufrieden sind, k\u00f6nnen Sie sich an die zust\u00e4ndige nationale Durchsetzungsstelle wenden, die f\u00fcr die \u00dcberwachung der Konformit\u00e4t mit dem EU-Gesetz zur Zug\u00e4nglichkeit in Ihrem Land verantwortlich ist.<\/p>\t\t\t\t\t\t\t\t<\/div>\n\t\t\t\t<\/div>\n\t\t\t\t\t<\/div>\n\t\t\t\t<\/div>\n\t\t\t\t<\/div>\n\t\t\t\t<\/div>\n\t\t","protected":false},"excerpt":{"rendered":"<p>ERKL\u00c4RUNG ZUR BARRIEREFREIHEIT 1. Unser Engagement f\u00fcr Zug\u00e4nglichkeit Wir verpflichten uns, sicherzustellen, dass unsere Website f\u00fcr alle Nutzer zug\u00e4nglich ist, unabh\u00e4ngig von ihren F\u00e4higkeiten. Unser Ziel ist es, ein inklusives und benutzerfreundliches Erlebnis zu bieten, indem wir anerkannte Standards f\u00fcr Zug\u00e4nglichkeit einhalten und unsere digitalen Dienste kontinuierlich verbessern. 2. Konformit\u00e4t mit Standards Diese Website wurde [&hellip;]<\/p>\n","protected":false},"author":5,"featured_media":0,"parent":0,"menu_order":0,"comment_status":"closed","ping_status":"closed","template":"","meta":{"footnotes":""},"class_list":["post-6875","page","type-page","status-publish","hentry"],"yoast_head":"<!-- This site is optimized with the Yoast SEO plugin v27.4 - https:\/\/yoast.com\/product\/yoast-seo-wordpress\/ -->\n<title>Barrierefreiheit - Expleo Academy<\/title>\n<meta name=\"description\" content=\"Erkl\u00e4rung zur Barrierefreiheit: Informationen zur Zug\u00e4nglichkeit und Nutzung dieser Website f\u00fcr alle Nutzer:innen.\" \/>\n<meta name=\"robots\" content=\"index, follow, max-snippet:-1, max-image-preview:large, max-video-preview:-1\" \/>\n<link rel=\"canonical\" href=\"https:\/\/expleoacademy.com\/de-de\/barrierefreiheit\/\" \/>\n<meta property=\"og:locale\" content=\"de_DE\" \/>\n<meta property=\"og:type\" content=\"article\" \/>\n<meta property=\"og:title\" content=\"Barrierefreiheit - Expleo Academy\" \/>\n<meta property=\"og:description\" content=\"Erkl\u00e4rung zur Barrierefreiheit: Informationen zur Zug\u00e4nglichkeit und Nutzung dieser Website f\u00fcr alle Nutzer:innen.\" \/>\n<meta property=\"og:url\" content=\"https:\/\/expleoacademy.com\/de-de\/barrierefreiheit\/\" \/>\n<meta property=\"og:site_name\" content=\"Expleo Academy\" \/>\n<meta property=\"article:modified_time\" content=\"2026-04-16T10:41:31+00:00\" \/>\n<meta name=\"twitter:card\" content=\"summary_large_image\" \/>\n<meta name=\"twitter:label1\" content=\"Gesch\u00e4tzte Lesezeit\" \/>\n\t<meta name=\"twitter:data1\" content=\"3\u00a0Minuten\" \/>\n<script type=\"application\/ld+json\" class=\"yoast-schema-graph\">{\"@context\":\"https:\\\/\\\/schema.org\",\"@graph\":[{\"@type\":\"WebPage\",\"@id\":\"https:\\\/\\\/expleoacademy.com\\\/de-de\\\/barrierefreiheit\\\/\",\"url\":\"https:\\\/\\\/expleoacademy.com\\\/de-de\\\/barrierefreiheit\\\/\",\"name\":\"Barrierefreiheit - Expleo Academy\",\"isPartOf\":{\"@id\":\"https:\\\/\\\/expleoacademy.com\\\/de-de\\\/#website\"},\"datePublished\":\"2025-09-26T13:07:53+00:00\",\"dateModified\":\"2026-04-16T10:41:31+00:00\",\"description\":\"Erkl\u00e4rung zur Barrierefreiheit: Informationen zur Zug\u00e4nglichkeit und Nutzung dieser Website f\u00fcr alle Nutzer:innen.\",\"breadcrumb\":{\"@id\":\"https:\\\/\\\/expleoacademy.com\\\/de-de\\\/barrierefreiheit\\\/#breadcrumb\"},\"inLanguage\":\"de\",\"potentialAction\":[{\"@type\":\"ReadAction\",\"target\":[\"https:\\\/\\\/expleoacademy.com\\\/de-de\\\/barrierefreiheit\\\/\"]}]},{\"@type\":\"BreadcrumbList\",\"@id\":\"https:\\\/\\\/expleoacademy.com\\\/de-de\\\/barrierefreiheit\\\/#breadcrumb\",\"itemListElement\":[{\"@type\":\"ListItem\",\"position\":1,\"name\":\"Homepage\",\"item\":\"https:\\\/\\\/expleoacademy.com\\\/de-de\\\/\"},{\"@type\":\"ListItem\",\"position\":2,\"name\":\"Barrierefreiheit\"}]},{\"@type\":\"WebSite\",\"@id\":\"https:\\\/\\\/expleoacademy.com\\\/de-de\\\/#website\",\"url\":\"https:\\\/\\\/expleoacademy.com\\\/de-de\\\/\",\"name\":\"Expleo Academy\",\"description\":\"\",\"publisher\":{\"@id\":\"https:\\\/\\\/expleoacademy.com\\\/de-de\\\/#organization\"},\"potentialAction\":[{\"@type\":\"SearchAction\",\"target\":{\"@type\":\"EntryPoint\",\"urlTemplate\":\"https:\\\/\\\/expleoacademy.com\\\/de-de\\\/?s={search_term_string}\"},\"query-input\":{\"@type\":\"PropertyValueSpecification\",\"valueRequired\":true,\"valueName\":\"search_term_string\"}}],\"inLanguage\":\"de\"},{\"@type\":\"Organization\",\"@id\":\"https:\\\/\\\/expleoacademy.com\\\/de-de\\\/#organization\",\"name\":\"Expleo Academy\",\"url\":\"https:\\\/\\\/expleoacademy.com\\\/de-de\\\/\",\"logo\":{\"@type\":\"ImageObject\",\"inLanguage\":\"de\",\"@id\":\"https:\\\/\\\/expleoacademy.com\\\/de-de\\\/#\\\/schema\\\/logo\\\/image\\\/\",\"url\":\"https:\\\/\\\/expleoacademy.com\\\/de-de\\\/wp-content\\\/uploads\\\/sites\\\/5\\\/2025\\\/02\\\/logo.svg\",\"contentUrl\":\"https:\\\/\\\/expleoacademy.com\\\/de-de\\\/wp-content\\\/uploads\\\/sites\\\/5\\\/2025\\\/02\\\/logo.svg\",\"width\":858,\"height\":396,\"caption\":\"Expleo Academy\"},\"image\":{\"@id\":\"https:\\\/\\\/expleoacademy.com\\\/de-de\\\/#\\\/schema\\\/logo\\\/image\\\/\"}}]}<\/script>\n<!-- \/ Yoast SEO plugin. -->","yoast_head_json":{"title":"Barrierefreiheit - Expleo Academy","description":"Erkl\u00e4rung zur Barrierefreiheit: Informationen zur Zug\u00e4nglichkeit und Nutzung dieser Website f\u00fcr alle Nutzer:innen.","robots":{"index":"index","follow":"follow","max-snippet":"max-snippet:-1","max-image-preview":"max-image-preview:large","max-video-preview":"max-video-preview:-1"},"canonical":"https:\/\/expleoacademy.com\/de-de\/barrierefreiheit\/","og_locale":"de_DE","og_type":"article","og_title":"Barrierefreiheit - Expleo Academy","og_description":"Erkl\u00e4rung zur Barrierefreiheit: Informationen zur Zug\u00e4nglichkeit und Nutzung dieser Website f\u00fcr alle Nutzer:innen.","og_url":"https:\/\/expleoacademy.com\/de-de\/barrierefreiheit\/","og_site_name":"Expleo Academy","article_modified_time":"2026-04-16T10:41:31+00:00","twitter_card":"summary_large_image","twitter_misc":{"Gesch\u00e4tzte Lesezeit":"3\u00a0Minuten"},"schema":{"@context":"https:\/\/schema.org","@graph":[{"@type":"WebPage","@id":"https:\/\/expleoacademy.com\/de-de\/barrierefreiheit\/","url":"https:\/\/expleoacademy.com\/de-de\/barrierefreiheit\/","name":"Barrierefreiheit - Expleo Academy","isPartOf":{"@id":"https:\/\/expleoacademy.com\/de-de\/#website"},"datePublished":"2025-09-26T13:07:53+00:00","dateModified":"2026-04-16T10:41:31+00:00","description":"Erkl\u00e4rung zur Barrierefreiheit: Informationen zur Zug\u00e4nglichkeit und Nutzung dieser Website f\u00fcr alle Nutzer:innen.","breadcrumb":{"@id":"https:\/\/expleoacademy.com\/de-de\/barrierefreiheit\/#breadcrumb"},"inLanguage":"de","potentialAction":[{"@type":"ReadAction","target":["https:\/\/expleoacademy.com\/de-de\/barrierefreiheit\/"]}]},{"@type":"BreadcrumbList","@id":"https:\/\/expleoacademy.com\/de-de\/barrierefreiheit\/#breadcrumb","itemListElement":[{"@type":"ListItem","position":1,"name":"Homepage","item":"https:\/\/expleoacademy.com\/de-de\/"},{"@type":"ListItem","position":2,"name":"Barrierefreiheit"}]},{"@type":"WebSite","@id":"https:\/\/expleoacademy.com\/de-de\/#website","url":"https:\/\/expleoacademy.com\/de-de\/","name":"Expleo Academy","description":"","publisher":{"@id":"https:\/\/expleoacademy.com\/de-de\/#organization"},"potentialAction":[{"@type":"SearchAction","target":{"@type":"EntryPoint","urlTemplate":"https:\/\/expleoacademy.com\/de-de\/?s={search_term_string}"},"query-input":{"@type":"PropertyValueSpecification","valueRequired":true,"valueName":"search_term_string"}}],"inLanguage":"de"},{"@type":"Organization","@id":"https:\/\/expleoacademy.com\/de-de\/#organization","name":"Expleo Academy","url":"https:\/\/expleoacademy.com\/de-de\/","logo":{"@type":"ImageObject","inLanguage":"de","@id":"https:\/\/expleoacademy.com\/de-de\/#\/schema\/logo\/image\/","url":"https:\/\/expleoacademy.com\/de-de\/wp-content\/uploads\/sites\/5\/2025\/02\/logo.svg","contentUrl":"https:\/\/expleoacademy.com\/de-de\/wp-content\/uploads\/sites\/5\/2025\/02\/logo.svg","width":858,"height":396,"caption":"Expleo Academy"},"image":{"@id":"https:\/\/expleoacademy.com\/de-de\/#\/schema\/logo\/image\/"}}]}},"hreflang":{"rendered":"<link rel=\"alternate\" href=\"https:\/\/expleoacademy.com\/accessibility-statement\/\" hreflang=\"x-default\"\/>\n<link rel=\"alternate\" href=\"https:\/\/expleoacademy.com\/accessibility-statement\/\" hreflang=\"en\"\/>\n<link rel=\"alternate\" href=\"https:\/\/expleoacademy.com\/de-de\/barrierefreiheit\/\" hreflang=\"de\"\/>\n","structure":[{"blogId":1,"blogIsHidden":false,"postId":7439,"url":"https:\/\/expleoacademy.com\/accessibility-statement\/","language":"en","default":true},{"blogId":5,"blogIsHidden":false,"postId":6875,"url":"https:\/\/expleoacademy.com\/de-de\/barrierefreiheit\/","language":"de","default":false}]},"_links":{"self":[{"href":"https:\/\/expleoacademy.com\/de-de\/wp-json\/wp\/v2\/pages\/6875","targetHints":{"allow":["GET"]}}],"collection":[{"href":"https:\/\/expleoacademy.com\/de-de\/wp-json\/wp\/v2\/pages"}],"about":[{"href":"https:\/\/expleoacademy.com\/de-de\/wp-json\/wp\/v2\/types\/page"}],"author":[{"embeddable":true,"href":"https:\/\/expleoacademy.com\/de-de\/wp-json\/wp\/v2\/users\/5"}],"replies":[{"embeddable":true,"href":"https:\/\/expleoacademy.com\/de-de\/wp-json\/wp\/v2\/comments?post=6875"}],"version-history":[{"count":10,"href":"https:\/\/expleoacademy.com\/de-de\/wp-json\/wp\/v2\/pages\/6875\/revisions"}],"predecessor-version":[{"id":9895,"href":"https:\/\/expleoacademy.com\/de-de\/wp-json\/wp\/v2\/pages\/6875\/revisions\/9895"}],"wp:attachment":[{"href":"https:\/\/expleoacademy.com\/de-de\/wp-json\/wp\/v2\/media?parent=6875"}],"curies":[{"name":"wp","href":"https:\/\/api.w.org\/{rel}","templated":true}]}}