{"id":235,"date":"2025-02-18T10:32:47","date_gmt":"2025-02-18T10:32:47","guid":{"rendered":"http:\/\/admlc"},"modified":"2026-02-23T04:45:45","modified_gmt":"2026-02-23T04:45:45","slug":"datenschutzerklaerung","status":"publish","type":"page","link":"https:\/\/expleoacademy.com\/de-de\/datenschutzerklaerung\/","title":{"rendered":"Datenschutzerkl\u00e4rung"},"content":{"rendered":"\t\t<div data-elementor-type=\"wp-page\" data-elementor-id=\"235\" class=\"elementor elementor-235\" data-elementor-post-type=\"page\">\n\t\t\t\t<div class=\"elementor-element elementor-element-e98eb30 e-con-full e-flex e-con e-parent\" data-id=\"e98eb30\" data-element_type=\"container\" data-e-type=\"container\">\n\t\t<div class=\"elementor-element elementor-element-209c6f2 has-ellips e-flex e-con-boxed e-con e-child\" data-id=\"209c6f2\" data-element_type=\"container\" data-e-type=\"container\" data-settings=\"{&quot;background_background&quot;:&quot;classic&quot;}\">\n\t\t\t\t\t<div class=\"e-con-inner\">\n\t\t\t\t<div class=\"elementor-element elementor-element-83ea609 elementor-widget elementor-widget-breadcrumbs\" data-id=\"83ea609\" data-element_type=\"widget\" data-e-type=\"widget\" data-widget_type=\"breadcrumbs.default\">\n\t\t\t\t<div class=\"elementor-widget-container\">\n\t\t\t\t\t<p id=\"breadcrumbs\"><span><span><a href=\"https:\/\/expleoacademy.com\/de-de\/\">Homepage<\/a><\/span><\/span><\/p>\t\t\t\t<\/div>\n\t\t\t\t<\/div>\n\t\t\t\t<div class=\"elementor-element elementor-element-95d65a6 elementor-widget__width-initial elementor-widget elementor-widget-heading\" data-id=\"95d65a6\" data-element_type=\"widget\" data-e-type=\"widget\" data-widget_type=\"heading.default\">\n\t\t\t\t<div class=\"elementor-widget-container\">\n\t\t\t\t\t<h1 class=\"elementor-heading-title elementor-size-default\">Datenschutzerkl\u00e4rung<\/h1>\t\t\t\t<\/div>\n\t\t\t\t<\/div>\n\t\t\t\t\t<\/div>\n\t\t\t\t<\/div>\n\t\t\t\t<\/div>\n\t\t<div class=\"elementor-element elementor-element-1b4f46b e-flex e-con-boxed e-con e-parent\" data-id=\"1b4f46b\" data-element_type=\"container\" data-e-type=\"container\">\n\t\t\t\t\t<div class=\"e-con-inner\">\n\t\t\t\t<div class=\"elementor-element elementor-element-a4a6b0b elementor-widget__width-initial elementor-widget elementor-widget-html\" data-id=\"a4a6b0b\" data-element_type=\"widget\" data-e-type=\"widget\" data-widget_type=\"html.default\">\n\t\t\t\t<div class=\"elementor-widget-container\">\n\t\t\t\t\t<!-- OneTrust Privacy Notice start -->\n  <!-- Container in which the privacy notice will be rendered -->\n  <div id=\"otnotice-5605c031-678e-44d1-bef5-8d5028c619da\" class=\"otnotice\"><\/div>\n  \n  <script src=\"https:\/\/privacyportal-free-cdn.onetrust.com\/privacy-notice-scripts\/otnotice-1.0.min.js\" type=\"text\/javascript\" charset=\"UTF-8\" id=\"otprivacy-notice-script\">\n      settings=\"eyJjYWxsYmFja1VybCI6Imh0dHBzOi8vZXhwbGVvLXByaXZhY3kubXkub25ldHJ1c3QuY29tL3JlcXVlc3QvdjEvcHJpdmFjeU5vdGljZXMvc3RhdHMvdmlld3MifQ==\"\n    <\/script>\n  \n  <script type=\"text\/javascript\" charset=\"UTF-8\">\n      \/\/ To ensure external settings are loaded, use the Initialized promise:\n      OneTrust.NoticeApi.Initialized.then(function() {\n        OneTrust.NoticeApi.LoadNotices([\"https:\/\/privacyportal-free-cdn.onetrust.com\/1d7bd6ee-796f-4882-8123-f407de57ab3b\/privacy-notices\/5605c031-678e-44d1-bef5-8d5028c619da.json\"]);\n      });\n    <\/script>\n    \n  <!-- OneTrust Privacy Notice end -->\t\t\t\t<\/div>\n\t\t\t\t<\/div>\n\t\t\t\t\t<\/div>\n\t\t\t\t<\/div>\n\t\t\t\t<\/div>\n\t\t","protected":false},"excerpt":{"rendered":"","protected":false},"author":4,"featured_media":0,"parent":0,"menu_order":0,"comment_status":"closed","ping_status":"closed","template":"","meta":{"footnotes":""},"class_list":["post-235","page","type-page","status-publish","hentry"],"yoast_head":"<!-- This site is optimized with the Yoast SEO plugin v27.4 - https:\/\/yoast.com\/product\/yoast-seo-wordpress\/ -->\n<title>Datenschutzerkl\u00e4rung - Expleo Academy<\/title>\n<meta name=\"description\" content=\"Erfahren Sie, wie die Expleo Academy Ihre pers\u00f6nlichen Daten sch\u00fctzt. Alles zu Datenschutz, unseren Richtlinien und Ihren Rechten nach globalen Datenschutzbestimmungen.\" \/>\n<meta name=\"robots\" content=\"index, follow, max-snippet:-1, max-image-preview:large, max-video-preview:-1\" \/>\n<link rel=\"canonical\" href=\"https:\/\/expleoacademy.com\/de-de\/datenschutzerklaerung\/\" \/>\n<meta property=\"og:locale\" content=\"de_DE\" \/>\n<meta property=\"og:type\" content=\"article\" \/>\n<meta property=\"og:title\" content=\"Datenschutzerkl\u00e4rung - Expleo Academy\" \/>\n<meta property=\"og:description\" content=\"Erfahren Sie, wie die Expleo Academy Ihre pers\u00f6nlichen Daten sch\u00fctzt. Alles zu Datenschutz, unseren Richtlinien und Ihren Rechten nach globalen Datenschutzbestimmungen.\" \/>\n<meta property=\"og:url\" content=\"https:\/\/expleoacademy.com\/de-de\/datenschutzerklaerung\/\" \/>\n<meta property=\"og:site_name\" content=\"Expleo Academy\" \/>\n<meta property=\"article:modified_time\" content=\"2026-02-23T04:45:45+00:00\" \/>\n<meta name=\"twitter:card\" content=\"summary_large_image\" \/>\n<meta name=\"twitter:label1\" content=\"Gesch\u00e4tzte Lesezeit\" \/>\n\t<meta name=\"twitter:data1\" content=\"1\u00a0Minute\" \/>\n<script type=\"application\/ld+json\" class=\"yoast-schema-graph\">{\"@context\":\"https:\\\/\\\/schema.org\",\"@graph\":[{\"@type\":\"WebPage\",\"@id\":\"https:\\\/\\\/expleoacademy.com\\\/de-de\\\/datenschutzerklaerung\\\/\",\"url\":\"https:\\\/\\\/expleoacademy.com\\\/de-de\\\/datenschutzerklaerung\\\/\",\"name\":\"Datenschutzerkl\u00e4rung - Expleo Academy\",\"isPartOf\":{\"@id\":\"https:\\\/\\\/expleoacademy.com\\\/de-de\\\/#website\"},\"datePublished\":\"2025-02-18T10:32:47+00:00\",\"dateModified\":\"2026-02-23T04:45:45+00:00\",\"description\":\"Erfahren Sie, wie die Expleo Academy Ihre pers\u00f6nlichen Daten sch\u00fctzt. Alles zu Datenschutz, unseren Richtlinien und Ihren Rechten nach globalen Datenschutzbestimmungen.\",\"breadcrumb\":{\"@id\":\"https:\\\/\\\/expleoacademy.com\\\/de-de\\\/datenschutzerklaerung\\\/#breadcrumb\"},\"inLanguage\":\"de\",\"potentialAction\":[{\"@type\":\"ReadAction\",\"target\":[\"https:\\\/\\\/expleoacademy.com\\\/de-de\\\/datenschutzerklaerung\\\/\"]}]},{\"@type\":\"BreadcrumbList\",\"@id\":\"https:\\\/\\\/expleoacademy.com\\\/de-de\\\/datenschutzerklaerung\\\/#breadcrumb\",\"itemListElement\":[{\"@type\":\"ListItem\",\"position\":1,\"name\":\"Homepage\",\"item\":\"https:\\\/\\\/expleoacademy.com\\\/de-de\\\/\"},{\"@type\":\"ListItem\",\"position\":2,\"name\":\"Datenschutzerkl\u00e4rung\"}]},{\"@type\":\"WebSite\",\"@id\":\"https:\\\/\\\/expleoacademy.com\\\/de-de\\\/#website\",\"url\":\"https:\\\/\\\/expleoacademy.com\\\/de-de\\\/\",\"name\":\"Expleo Academy\",\"description\":\"\",\"publisher\":{\"@id\":\"https:\\\/\\\/expleoacademy.com\\\/de-de\\\/#organization\"},\"potentialAction\":[{\"@type\":\"SearchAction\",\"target\":{\"@type\":\"EntryPoint\",\"urlTemplate\":\"https:\\\/\\\/expleoacademy.com\\\/de-de\\\/?s={search_term_string}\"},\"query-input\":{\"@type\":\"PropertyValueSpecification\",\"valueRequired\":true,\"valueName\":\"search_term_string\"}}],\"inLanguage\":\"de\"},{\"@type\":\"Organization\",\"@id\":\"https:\\\/\\\/expleoacademy.com\\\/de-de\\\/#organization\",\"name\":\"Expleo Academy\",\"url\":\"https:\\\/\\\/expleoacademy.com\\\/de-de\\\/\",\"logo\":{\"@type\":\"ImageObject\",\"inLanguage\":\"de\",\"@id\":\"https:\\\/\\\/expleoacademy.com\\\/de-de\\\/#\\\/schema\\\/logo\\\/image\\\/\",\"url\":\"https:\\\/\\\/expleoacademy.com\\\/de-de\\\/wp-content\\\/uploads\\\/sites\\\/5\\\/2025\\\/02\\\/logo.svg\",\"contentUrl\":\"https:\\\/\\\/expleoacademy.com\\\/de-de\\\/wp-content\\\/uploads\\\/sites\\\/5\\\/2025\\\/02\\\/logo.svg\",\"width\":858,\"height\":396,\"caption\":\"Expleo Academy\"},\"image\":{\"@id\":\"https:\\\/\\\/expleoacademy.com\\\/de-de\\\/#\\\/schema\\\/logo\\\/image\\\/\"}}]}<\/script>\n<!-- \/ Yoast SEO plugin. -->","yoast_head_json":{"title":"Datenschutzerkl\u00e4rung - Expleo Academy","description":"Erfahren Sie, wie die Expleo Academy Ihre pers\u00f6nlichen Daten sch\u00fctzt. Alles zu Datenschutz, unseren Richtlinien und Ihren Rechten nach globalen Datenschutzbestimmungen.","robots":{"index":"index","follow":"follow","max-snippet":"max-snippet:-1","max-image-preview":"max-image-preview:large","max-video-preview":"max-video-preview:-1"},"canonical":"https:\/\/expleoacademy.com\/de-de\/datenschutzerklaerung\/","og_locale":"de_DE","og_type":"article","og_title":"Datenschutzerkl\u00e4rung - Expleo Academy","og_description":"Erfahren Sie, wie die Expleo Academy Ihre pers\u00f6nlichen Daten sch\u00fctzt. Alles zu Datenschutz, unseren Richtlinien und Ihren Rechten nach globalen Datenschutzbestimmungen.","og_url":"https:\/\/expleoacademy.com\/de-de\/datenschutzerklaerung\/","og_site_name":"Expleo Academy","article_modified_time":"2026-02-23T04:45:45+00:00","twitter_card":"summary_large_image","twitter_misc":{"Gesch\u00e4tzte Lesezeit":"1\u00a0Minute"},"schema":{"@context":"https:\/\/schema.org","@graph":[{"@type":"WebPage","@id":"https:\/\/expleoacademy.com\/de-de\/datenschutzerklaerung\/","url":"https:\/\/expleoacademy.com\/de-de\/datenschutzerklaerung\/","name":"Datenschutzerkl\u00e4rung - Expleo Academy","isPartOf":{"@id":"https:\/\/expleoacademy.com\/de-de\/#website"},"datePublished":"2025-02-18T10:32:47+00:00","dateModified":"2026-02-23T04:45:45+00:00","description":"Erfahren Sie, wie die Expleo Academy Ihre pers\u00f6nlichen Daten sch\u00fctzt. Alles zu Datenschutz, unseren Richtlinien und Ihren Rechten nach globalen Datenschutzbestimmungen.","breadcrumb":{"@id":"https:\/\/expleoacademy.com\/de-de\/datenschutzerklaerung\/#breadcrumb"},"inLanguage":"de","potentialAction":[{"@type":"ReadAction","target":["https:\/\/expleoacademy.com\/de-de\/datenschutzerklaerung\/"]}]},{"@type":"BreadcrumbList","@id":"https:\/\/expleoacademy.com\/de-de\/datenschutzerklaerung\/#breadcrumb","itemListElement":[{"@type":"ListItem","position":1,"name":"Homepage","item":"https:\/\/expleoacademy.com\/de-de\/"},{"@type":"ListItem","position":2,"name":"Datenschutzerkl\u00e4rung"}]},{"@type":"WebSite","@id":"https:\/\/expleoacademy.com\/de-de\/#website","url":"https:\/\/expleoacademy.com\/de-de\/","name":"Expleo Academy","description":"","publisher":{"@id":"https:\/\/expleoacademy.com\/de-de\/#organization"},"potentialAction":[{"@type":"SearchAction","target":{"@type":"EntryPoint","urlTemplate":"https:\/\/expleoacademy.com\/de-de\/?s={search_term_string}"},"query-input":{"@type":"PropertyValueSpecification","valueRequired":true,"valueName":"search_term_string"}}],"inLanguage":"de"},{"@type":"Organization","@id":"https:\/\/expleoacademy.com\/de-de\/#organization","name":"Expleo Academy","url":"https:\/\/expleoacademy.com\/de-de\/","logo":{"@type":"ImageObject","inLanguage":"de","@id":"https:\/\/expleoacademy.com\/de-de\/#\/schema\/logo\/image\/","url":"https:\/\/expleoacademy.com\/de-de\/wp-content\/uploads\/sites\/5\/2025\/02\/logo.svg","contentUrl":"https:\/\/expleoacademy.com\/de-de\/wp-content\/uploads\/sites\/5\/2025\/02\/logo.svg","width":858,"height":396,"caption":"Expleo Academy"},"image":{"@id":"https:\/\/expleoacademy.com\/de-de\/#\/schema\/logo\/image\/"}}]}},"hreflang":{"rendered":"<link rel=\"alternate\" href=\"https:\/\/expleoacademy.com\/data-protection\/\" hreflang=\"x-default\"\/>\n<link rel=\"alternate\" href=\"https:\/\/expleoacademy.com\/data-protection\/\" hreflang=\"en\"\/>\n<link rel=\"alternate\" href=\"https:\/\/expleoacademy.com\/de-de\/datenschutzerklaerung\/\" hreflang=\"de\"\/>\n","structure":[{"blogId":1,"blogIsHidden":false,"postId":236,"url":"https:\/\/expleoacademy.com\/data-protection\/","language":"en","default":true},{"blogId":5,"blogIsHidden":false,"postId":235,"url":"https:\/\/expleoacademy.com\/de-de\/datenschutzerklaerung\/","language":"de","default":false},{"blogId":6,"blogIsHidden":true,"postId":5456,"url":"https:\/\/expleoacademy.com\/de-en\/data-protection\/","language":"de","default":false}]},"_links":{"self":[{"href":"https:\/\/expleoacademy.com\/de-de\/wp-json\/wp\/v2\/pages\/235","targetHints":{"allow":["GET"]}}],"collection":[{"href":"https:\/\/expleoacademy.com\/de-de\/wp-json\/wp\/v2\/pages"}],"about":[{"href":"https:\/\/expleoacademy.com\/de-de\/wp-json\/wp\/v2\/types\/page"}],"author":[{"embeddable":true,"href":"https:\/\/expleoacademy.com\/de-de\/wp-json\/wp\/v2\/users\/4"}],"replies":[{"embeddable":true,"href":"https:\/\/expleoacademy.com\/de-de\/wp-json\/wp\/v2\/comments?post=235"}],"version-history":[{"count":15,"href":"https:\/\/expleoacademy.com\/de-de\/wp-json\/wp\/v2\/pages\/235\/revisions"}],"predecessor-version":[{"id":6196,"href":"https:\/\/expleoacademy.com\/de-de\/wp-json\/wp\/v2\/pages\/235\/revisions\/6196"}],"wp:attachment":[{"href":"https:\/\/expleoacademy.com\/de-de\/wp-json\/wp\/v2\/media?parent=235"}],"curies":[{"name":"wp","href":"https:\/\/api.w.org\/{rel}","templated":true}]}}