{"id":234,"date":"2025-02-18T10:32:47","date_gmt":"2025-02-18T10:32:47","guid":{"rendered":"http:\/\/admlc"},"modified":"2026-04-07T07:38:33","modified_gmt":"2026-04-07T07:38:33","slug":"kontakt","status":"publish","type":"page","link":"https:\/\/expleoacademy.com\/de-de\/kontakt\/","title":{"rendered":"Kontakt"},"content":{"rendered":"\t\t<div data-elementor-type=\"wp-page\" data-elementor-id=\"234\" class=\"elementor elementor-234\" data-elementor-post-type=\"page\">\n\t\t\t\t<div class=\"elementor-element elementor-element-7cc3f3ef has-ellips e-flex e-con-boxed e-con e-parent\" data-id=\"7cc3f3ef\" data-element_type=\"container\" data-e-type=\"container\" data-settings=\"{&quot;background_background&quot;:&quot;classic&quot;}\">\n\t\t\t\t\t<div class=\"e-con-inner\">\n\t\t\t\t<div class=\"elementor-element elementor-element-362aada8 elementor-widget elementor-widget-breadcrumbs\" data-id=\"362aada8\" data-element_type=\"widget\" data-e-type=\"widget\" data-widget_type=\"breadcrumbs.default\">\n\t\t\t\t<div class=\"elementor-widget-container\">\n\t\t\t\t\t<p id=\"breadcrumbs\"><span><span><a href=\"https:\/\/expleoacademy.com\/de-de\/\">Homepage<\/a><\/span><\/span><\/p>\t\t\t\t<\/div>\n\t\t\t\t<\/div>\n\t\t\t\t<div class=\"elementor-element elementor-element-7a63745 elementor-widget__width-initial elementor-widget elementor-widget-heading\" data-id=\"7a63745\" data-element_type=\"widget\" data-e-type=\"widget\" data-widget_type=\"heading.default\">\n\t\t\t\t<div class=\"elementor-widget-container\">\n\t\t\t\t\t<h1 class=\"elementor-heading-title elementor-size-default\">Kontaktieren Sie uns<\/h1>\t\t\t\t<\/div>\n\t\t\t\t<\/div>\n\t\t\t\t\t<\/div>\n\t\t\t\t<\/div>\n\t\t<div class=\"elementor-element elementor-element-78d1e15 e-flex e-con-boxed e-con e-parent\" data-id=\"78d1e15\" data-element_type=\"container\" data-e-type=\"container\" data-settings=\"{&quot;background_background&quot;:&quot;classic&quot;}\">\n\t\t\t\t\t<div class=\"e-con-inner\">\n\t\t<div class=\"elementor-element elementor-element-026b52f e-con-full e-flex e-con e-child\" data-id=\"026b52f\" data-element_type=\"container\" data-e-type=\"container\">\n\t\t\t\t<div class=\"elementor-element elementor-element-4e66ae5 elementor-widget elementor-widget-heading\" data-id=\"4e66ae5\" data-element_type=\"widget\" data-e-type=\"widget\" data-widget_type=\"heading.default\">\n\t\t\t\t<div class=\"elementor-widget-container\">\n\t\t\t\t\t<h2 class=\"elementor-heading-title elementor-size-default\">Teilen Sie uns mit, was wir f\u00fcr Sie tun k\u00f6nnen<\/h2>\t\t\t\t<\/div>\n\t\t\t\t<\/div>\n\t\t\t\t<div class=\"elementor-element elementor-element-f262a3b elementor-widget elementor-widget-text-editor\" data-id=\"f262a3b\" data-element_type=\"widget\" data-e-type=\"widget\" data-widget_type=\"text-editor.default\">\n\t\t\t\t<div class=\"elementor-widget-container\">\n\t\t\t\t\t\t\t\t\t<p style=\"text-align: center\">Bitte f\u00fcllen Sie dieses Kontaktformular aus oder rufen Sie uns direkt unter +49 (0)2203 9154-17<\/p>\t\t\t\t\t\t\t\t<\/div>\n\t\t\t\t<\/div>\n\t\t\t\t<div class=\"elementor-element elementor-element-a64e70e elementor-widget elementor-widget-image\" data-id=\"a64e70e\" data-element_type=\"widget\" data-e-type=\"widget\" data-widget_type=\"image.default\">\n\t\t\t\t<div class=\"elementor-widget-container\">\n\t\t\t\t\t\t\t\t\t\t\t\t\t\t\t<img fetchpriority=\"high\" decoding=\"async\" width=\"482\" height=\"482\" src=\"https:\/\/expleoacademy.com\/de-de\/wp-content\/uploads\/sites\/5\/2025\/12\/sabine-von-hanstein.jpg\" class=\"attachment-large size-large wp-image-6910\" alt=\"Head of Expleo Academy\" srcset=\"https:\/\/expleoacademy.com\/de-de\/wp-content\/uploads\/sites\/5\/2025\/12\/sabine-von-hanstein.jpg 482w, https:\/\/expleoacademy.com\/de-de\/wp-content\/uploads\/sites\/5\/2025\/12\/sabine-von-hanstein-300x300.jpg 300w, https:\/\/expleoacademy.com\/de-de\/wp-content\/uploads\/sites\/5\/2025\/12\/sabine-von-hanstein-150x150.jpg 150w\" sizes=\"(max-width: 482px) 100vw, 482px\" \/>\t\t\t\t\t\t\t\t\t\t\t\t\t\t\t<\/div>\n\t\t\t\t<\/div>\n\t\t\t\t<div class=\"elementor-element elementor-element-30bf233 elementor-widget elementor-widget-image\" data-id=\"30bf233\" data-element_type=\"widget\" data-e-type=\"widget\" data-widget_type=\"image.default\">\n\t\t\t\t<div class=\"elementor-widget-container\">\n\t\t\t\t\t\t\t\t\t\t\t\t\t\t\t\t<a href=\"https:\/\/www.linkedin.com\/showcase\/expleoacademy\/\">\n\t\t\t\t\t\t\t<img decoding=\"async\" width=\"38\" height=\"37\" src=\"https:\/\/expleoacademy.com\/de-de\/wp-content\/uploads\/sites\/5\/2025\/04\/linkedin-e1744881497733.jpg\" class=\"attachment-large size-large wp-image-3280\" alt=\"linkedin\" \/>\t\t\t\t\t\t\t\t<\/a>\n\t\t\t\t\t\t\t\t\t\t\t\t\t\t\t<\/div>\n\t\t\t\t<\/div>\n\t\t\t\t<div class=\"elementor-element elementor-element-78acd69 elementor-widget elementor-widget-text-editor\" data-id=\"78acd69\" data-element_type=\"widget\" data-e-type=\"widget\" data-widget_type=\"text-editor.default\">\n\t\t\t\t<div class=\"elementor-widget-container\">\n\t\t\t\t\t\t\t\t\t<p style=\"text-align: center\">Sabine von Hanstein<\/p><p style=\"text-align: center\">Head of\u00a0<br \/>Expleo Academy\u00a0<\/p><p style=\"text-align: center\">Expleo Academy<br \/>Stollwerckstra\u00dfe 11<br \/>51149 K\u00f6ln, Germany<\/p><div id=\"learn-more-btn\" class=\"elementor-element elementor-element-468cf61 elementor-align-left elementor-widget elementor-widget-button\" style=\"text-align: center\" data-id=\"468cf61\" data-element_type=\"widget\" data-widget_type=\"button.default\"><div class=\"elementor-widget-container\"><div class=\"elementor-button-wrapper\"><a href=\"mailto:academy-dach@expleogroup.com\">academy-dach@expleogroup.com<\/a><\/div><\/div><\/div><p style=\"text-align: center\">Tel +49 (0)2203 9154-17<\/p>\t\t\t\t\t\t\t\t<\/div>\n\t\t\t\t<\/div>\n\t\t\t\t<\/div>\n\t\t<div class=\"elementor-element elementor-element-d6c8f41 e-con-full e-flex e-con e-child\" data-id=\"d6c8f41\" data-element_type=\"container\" data-e-type=\"container\" data-settings=\"{&quot;background_background&quot;:&quot;classic&quot;}\">\n\t\t\t\t<div class=\"elementor-element elementor-element-e0c66eb elementor-button-align-start expleo-form elementor-widget elementor-widget-form\" data-id=\"e0c66eb\" data-element_type=\"widget\" data-e-type=\"widget\" id=\"main-form\" data-settings=\"{&quot;step_next_label&quot;:&quot;Next&quot;,&quot;step_previous_label&quot;:&quot;Previous&quot;,&quot;button_width&quot;:&quot;100&quot;,&quot;step_type&quot;:&quot;number_text&quot;,&quot;step_icon_shape&quot;:&quot;circle&quot;}\" data-widget_type=\"form.default\">\n\t\t\t\t<div class=\"elementor-widget-container\">\n\t\t\t\t\t\t\t<form class=\"elementor-form\" method=\"post\" name=\"Contact us\" aria-label=\"Contact us\" novalidate=\"\">\n\t\t\t<input type=\"hidden\" name=\"post_id\" value=\"234\"\/>\n\t\t\t<input type=\"hidden\" name=\"form_id\" value=\"e0c66eb\"\/>\n\t\t\t<input type=\"hidden\" name=\"referer_title\" value=\"Expleo Academy\" \/>\n\n\t\t\t\n\t\t\t<div class=\"elementor-form-fields-wrapper elementor-labels-above\">\n\t\t\t\t\t\t\t\t<div class=\"elementor-field-type-text elementor-field-group elementor-column elementor-field-group-name elementor-col-50 elementor-field-required elementor-mark-required\">\n\t\t\t\t\t\t\t\t\t\t\t\t<label for=\"form-field-name\" class=\"elementor-field-label\">\n\t\t\t\t\t\t\t\tVorname\t\t\t\t\t\t\t<\/label>\n\t\t\t\t\t\t\t\t\t\t\t\t\t\t<input size=\"1\" type=\"text\" name=\"form_fields[name]\" id=\"form-field-name\" class=\"elementor-field elementor-size-sm  elementor-field-textual\" placeholder=\"Vorname\" required=\"required\">\n\t\t\t\t\t\t\t\t\t\t\t<\/div>\n\t\t\t\t\t\t\t\t<div class=\"elementor-field-type-text elementor-field-group elementor-column elementor-field-group-field_4158a94 elementor-col-50 elementor-field-required elementor-mark-required\">\n\t\t\t\t\t\t\t\t\t\t\t\t<label for=\"form-field-field_4158a94\" class=\"elementor-field-label\">\n\t\t\t\t\t\t\t\tNachname\t\t\t\t\t\t\t<\/label>\n\t\t\t\t\t\t\t\t\t\t\t\t\t\t<input size=\"1\" type=\"text\" name=\"form_fields[field_4158a94]\" id=\"form-field-field_4158a94\" class=\"elementor-field elementor-size-sm  elementor-field-textual\" placeholder=\"Last Nachname\" required=\"required\">\n\t\t\t\t\t\t\t\t\t\t\t<\/div>\n\t\t\t\t\t\t\t\t<div class=\"elementor-field-type-email elementor-field-group elementor-column elementor-field-group-email elementor-col-50 elementor-field-required elementor-mark-required\">\n\t\t\t\t\t\t\t\t\t\t\t\t<label for=\"form-field-email\" class=\"elementor-field-label\">\n\t\t\t\t\t\t\t\tEmail\t\t\t\t\t\t\t<\/label>\n\t\t\t\t\t\t\t\t\t\t\t\t\t\t<input size=\"1\" type=\"email\" name=\"form_fields[email]\" id=\"form-field-email\" class=\"elementor-field elementor-size-sm  elementor-field-textual\" placeholder=\"Email\" required=\"required\">\n\t\t\t\t\t\t\t\t\t\t\t<\/div>\n\t\t\t\t\t\t\t\t<div class=\"elementor-field-type-tel elementor-field-group elementor-column elementor-field-group-field_f7d09d8 elementor-col-50\">\n\t\t\t\t\t\t\t\t\t\t\t\t<label for=\"form-field-field_f7d09d8\" class=\"elementor-field-label\">\n\t\t\t\t\t\t\t\tTelefonnummer\t\t\t\t\t\t\t<\/label>\n\t\t\t\t\t\t\t\t<input size=\"1\" type=\"tel\" name=\"form_fields[field_f7d09d8]\" id=\"form-field-field_f7d09d8\" class=\"elementor-field elementor-size-sm  elementor-field-textual\" placeholder=\"Telefonnummer\" pattern=\"[0-9()#&amp;+*-=.]+\" title=\"Nur Nummern oder Telefon-Zeichen (#, -, *, etc) werden akzeptiert.\">\n\n\t\t\t\t\t\t<\/div>\n\t\t\t\t\t\t\t\t<div class=\"elementor-field-type-text elementor-field-group elementor-column elementor-field-group-field_11934fe elementor-col-50 elementor-field-required elementor-mark-required\">\n\t\t\t\t\t\t\t\t\t\t\t\t<label for=\"form-field-field_11934fe\" class=\"elementor-field-label\">\n\t\t\t\t\t\t\t\tUnternehmen \t\t\t\t\t\t\t<\/label>\n\t\t\t\t\t\t\t\t\t\t\t\t\t\t<input size=\"1\" type=\"text\" name=\"form_fields[field_11934fe]\" id=\"form-field-field_11934fe\" class=\"elementor-field elementor-size-sm  elementor-field-textual\" placeholder=\"Unternehmen \" required=\"required\">\n\t\t\t\t\t\t\t\t\t\t\t<\/div>\n\t\t\t\t\t\t\t\t<div class=\"elementor-field-type-text elementor-field-group elementor-column elementor-field-group-field_04d4ca4 elementor-col-50\">\n\t\t\t\t\t\t\t\t\t\t\t\t<label for=\"form-field-field_04d4ca4\" class=\"elementor-field-label\">\n\t\t\t\t\t\t\t\tBerufsbezeichnung\t\t\t\t\t\t\t<\/label>\n\t\t\t\t\t\t\t\t\t\t\t\t\t\t<input size=\"1\" type=\"text\" name=\"form_fields[field_04d4ca4]\" id=\"form-field-field_04d4ca4\" class=\"elementor-field elementor-size-sm  elementor-field-textual\" placeholder=\"Berufsbezeichnung\">\n\t\t\t\t\t\t\t\t\t\t\t<\/div>\n\t\t\t\t\t\t\t\t<div class=\"elementor-field-type-text elementor-field-group elementor-column elementor-field-group-field_e99d2e8 elementor-col-50 elementor-field-required elementor-mark-required\">\n\t\t\t\t\t\t\t\t\t\t\t\t<label for=\"form-field-field_e99d2e8\" class=\"elementor-field-label\">\n\t\t\t\t\t\t\t\tLand\t\t\t\t\t\t\t<\/label>\n\t\t\t\t\t\t\t\t\t\t\t\t\t\t<input size=\"1\" type=\"text\" name=\"form_fields[field_e99d2e8]\" id=\"form-field-field_e99d2e8\" class=\"elementor-field elementor-size-sm  elementor-field-textual\" placeholder=\"Land\" required=\"required\">\n\t\t\t\t\t\t\t\t\t\t\t<\/div>\n\t\t\t\t\t\t\t\t<div class=\"elementor-field-type-text elementor-field-group elementor-column elementor-field-group-field_0a493b0 elementor-col-50 elementor-field-required elementor-mark-required\">\n\t\t\t\t\t\t\t\t\t\t\t\t<label for=\"form-field-field_0a493b0\" class=\"elementor-field-label\">\n\t\t\t\t\t\t\t\tBetreff\t\t\t\t\t\t\t<\/label>\n\t\t\t\t\t\t\t\t\t\t\t\t\t\t<input size=\"1\" type=\"text\" name=\"form_fields[field_0a493b0]\" id=\"form-field-field_0a493b0\" class=\"elementor-field elementor-size-sm  elementor-field-textual\" placeholder=\"Betreff\" required=\"required\">\n\t\t\t\t\t\t\t\t\t\t\t<\/div>\n\t\t\t\t\t\t\t\t<div class=\"elementor-field-type-textarea elementor-field-group elementor-column elementor-field-group-message elementor-col-100 elementor-field-required elementor-mark-required\">\n\t\t\t\t\t\t\t\t\t\t\t\t<label for=\"form-field-message\" class=\"elementor-field-label\">\n\t\t\t\t\t\t\t\tNachricht\t\t\t\t\t\t\t<\/label>\n\t\t\t\t\t\t<textarea class=\"elementor-field-textual elementor-field  elementor-size-sm\" name=\"form_fields[message]\" id=\"form-field-message\" rows=\"4\" placeholder=\"Nachricht\" required=\"required\"><\/textarea>\t\t\t\t<\/div>\n\t\t\t\t\t\t\t\t<div class=\"elementor-field-type-radio elementor-field-group elementor-column elementor-field-group-field_e70cc72 elementor-col-100 elementor-field-required elementor-mark-required\">\n\t\t\t\t\t<div class=\"elementor-field-subgroup  \"><span class=\"elementor-field-option\"><input type=\"radio\" value=\"Ich akzeptiere die &lt;a href=&quot;\/de-de\/datenschutz\/&quot;&gt;Datenschutzerkl\u00e4rung &lt;\/a&gt;*\" id=\"form-field-field_e70cc72-0\" name=\"form_fields[field_e70cc72]\" required=\"required\"> <label for=\"form-field-field_e70cc72-0\">Ich akzeptiere die <a href=\"\/de-de\/datenschutz\/\">Datenschutzerkl\u00e4rung <\/a>*<\/label><\/span><\/div>\t\t\t\t<\/div>\n\t\t\t\t\t\t\t\t<div class=\"elementor-field-type-checkbox elementor-field-group elementor-column elementor-field-group-field_5b268c8 elementor-col-100\">\n\t\t\t\t\t<div class=\"elementor-field-subgroup  \"><span class=\"elementor-field-option\"><input type=\"checkbox\" value=\"Ich m\u00f6chte relevante Updates von Expleo erhalten\" id=\"form-field-field_5b268c8-0\" name=\"form_fields[field_5b268c8]\"> <label for=\"form-field-field_5b268c8-0\">Ich m\u00f6chte relevante Updates von Expleo erhalten<\/label><\/span><\/div>\t\t\t\t<\/div>\n\t\t\t\t\t\t\t\t<div class=\"elementor-field-type-text\">\n\t\t\t\t\t<input size=\"1\" type=\"text\" name=\"form_fields[field_1b5406c]\" id=\"form-field-field_1b5406c\" class=\"elementor-field elementor-size-sm \" style=\"display:none !important;\">\t\t\t\t<\/div>\n\t\t\t\t\t\t\t\t<div class=\"elementor-field-type-recaptcha_v3 elementor-field-group elementor-column elementor-field-group-field_7905546 elementor-col-100 recaptcha_v3-inline\">\n\t\t\t\t\t<div class=\"elementor-field\" id=\"form-field-field_7905546\"><div class=\"elementor-g-recaptcha\" data-sitekey=\"6LcToygaAAAAAGZ2EsjUU5ECCmNmNIC6oQTuuL2X\" data-type=\"v3\" data-action=\"Form\" data-badge=\"inline\" data-size=\"invisible\"><\/div><\/div>\t\t\t\t<\/div>\n\t\t\t\t\t\t\t\t<div class=\"elementor-field-group elementor-column elementor-field-type-submit elementor-col-100 e-form__buttons\">\n\t\t\t\t\t<button class=\"elementor-button elementor-size-sm\" type=\"submit\">\n\t\t\t\t\t\t<span class=\"elementor-button-content-wrapper\">\n\t\t\t\t\t\t\t\t\t\t\t\t\t\t\t\t\t\t\t\t\t\t<span class=\"elementor-button-text\">Send<\/span>\n\t\t\t\t\t\t\t\t\t\t\t\t\t<\/span>\n\t\t\t\t\t<\/button>\n\t\t\t\t<\/div>\n\t\t\t<\/div>\n\t\t<\/form>\n\t\t\t\t\t\t<\/div>\n\t\t\t\t<\/div>\n\t\t\t\t<\/div>\n\t\t\t\t\t<\/div>\n\t\t\t\t<\/div>\n\t\t\t\t<\/div>\n\t\t","protected":false},"excerpt":{"rendered":"<p>Kontaktieren Sie uns Teilen Sie uns mit, was wir f\u00fcr Sie tun k\u00f6nnen Bitte f\u00fcllen Sie dieses Kontaktformular aus oder rufen Sie uns direkt unter +49 (0)2203 9154-17 Sabine von Hanstein Head of\u00a0Expleo Academy\u00a0 Expleo AcademyStollwerckstra\u00dfe 1151149 K\u00f6ln, Germany academy-dach@expleogroup.com Tel +49 (0)2203 9154-17<\/p>\n","protected":false},"author":4,"featured_media":0,"parent":0,"menu_order":0,"comment_status":"closed","ping_status":"closed","template":"","meta":{"footnotes":""},"class_list":["post-234","page","type-page","status-publish","hentry"],"yoast_head":"<!-- This site is optimized with the Yoast SEO plugin v27.4 - https:\/\/yoast.com\/product\/yoast-seo-wordpress\/ -->\n<title>Kontakt - Expleo Academy<\/title>\n<meta name=\"description\" content=\"ontaktieren Sie die Expleo Academy f\u00fcr Trainings, Kursberatung oder individuelle Lernl\u00f6sungen. Wir unterst\u00fctzen Ihre berufliche Weiterentwicklung\" \/>\n<meta name=\"robots\" content=\"index, follow, max-snippet:-1, max-image-preview:large, max-video-preview:-1\" \/>\n<link rel=\"canonical\" href=\"https:\/\/expleoacademy.com\/de-de\/kontakt\/\" \/>\n<meta property=\"og:locale\" content=\"de_DE\" \/>\n<meta property=\"og:type\" content=\"article\" \/>\n<meta property=\"og:title\" content=\"Kontakt - Expleo Academy\" \/>\n<meta property=\"og:description\" content=\"ontaktieren Sie die Expleo Academy f\u00fcr Trainings, Kursberatung oder individuelle Lernl\u00f6sungen. Wir unterst\u00fctzen Ihre berufliche Weiterentwicklung\" \/>\n<meta property=\"og:url\" content=\"https:\/\/expleoacademy.com\/de-de\/kontakt\/\" \/>\n<meta property=\"og:site_name\" content=\"Expleo Academy\" \/>\n<meta property=\"article:modified_time\" content=\"2026-04-07T07:38:33+00:00\" \/>\n<meta property=\"og:image\" content=\"https:\/\/expleoacademy.com\/de-de\/wp-content\/uploads\/sites\/5\/2025\/12\/sabine-von-hanstein.jpg\" \/>\n<meta name=\"twitter:card\" content=\"summary_large_image\" \/>\n<meta name=\"twitter:label1\" content=\"Gesch\u00e4tzte Lesezeit\" \/>\n\t<meta name=\"twitter:data1\" content=\"1\u00a0Minute\" \/>\n<script type=\"application\/ld+json\" class=\"yoast-schema-graph\">{\"@context\":\"https:\\\/\\\/schema.org\",\"@graph\":[{\"@type\":\"WebPage\",\"@id\":\"https:\\\/\\\/expleoacademy.com\\\/de-de\\\/kontakt\\\/\",\"url\":\"https:\\\/\\\/expleoacademy.com\\\/de-de\\\/kontakt\\\/\",\"name\":\"Kontakt - Expleo Academy\",\"isPartOf\":{\"@id\":\"https:\\\/\\\/expleoacademy.com\\\/de-de\\\/#website\"},\"primaryImageOfPage\":{\"@id\":\"https:\\\/\\\/expleoacademy.com\\\/de-de\\\/kontakt\\\/#primaryimage\"},\"image\":{\"@id\":\"https:\\\/\\\/expleoacademy.com\\\/de-de\\\/kontakt\\\/#primaryimage\"},\"thumbnailUrl\":\"https:\\\/\\\/expleoacademy.com\\\/de-de\\\/wp-content\\\/uploads\\\/sites\\\/5\\\/2025\\\/12\\\/sabine-von-hanstein.jpg\",\"datePublished\":\"2025-02-18T10:32:47+00:00\",\"dateModified\":\"2026-04-07T07:38:33+00:00\",\"description\":\"ontaktieren Sie die Expleo Academy f\u00fcr Trainings, Kursberatung oder individuelle Lernl\u00f6sungen. Wir unterst\u00fctzen Ihre berufliche Weiterentwicklung\",\"breadcrumb\":{\"@id\":\"https:\\\/\\\/expleoacademy.com\\\/de-de\\\/kontakt\\\/#breadcrumb\"},\"inLanguage\":\"de\",\"potentialAction\":[{\"@type\":\"ReadAction\",\"target\":[\"https:\\\/\\\/expleoacademy.com\\\/de-de\\\/kontakt\\\/\"]}]},{\"@type\":\"ImageObject\",\"inLanguage\":\"de\",\"@id\":\"https:\\\/\\\/expleoacademy.com\\\/de-de\\\/kontakt\\\/#primaryimage\",\"url\":\"https:\\\/\\\/expleoacademy.com\\\/de-de\\\/wp-content\\\/uploads\\\/sites\\\/5\\\/2025\\\/12\\\/sabine-von-hanstein.jpg\",\"contentUrl\":\"https:\\\/\\\/expleoacademy.com\\\/de-de\\\/wp-content\\\/uploads\\\/sites\\\/5\\\/2025\\\/12\\\/sabine-von-hanstein.jpg\",\"width\":482,\"height\":482,\"caption\":\"Head of Expleo Academy\"},{\"@type\":\"BreadcrumbList\",\"@id\":\"https:\\\/\\\/expleoacademy.com\\\/de-de\\\/kontakt\\\/#breadcrumb\",\"itemListElement\":[{\"@type\":\"ListItem\",\"position\":1,\"name\":\"Homepage\",\"item\":\"https:\\\/\\\/expleoacademy.com\\\/de-de\\\/\"},{\"@type\":\"ListItem\",\"position\":2,\"name\":\"Kontakt\"}]},{\"@type\":\"WebSite\",\"@id\":\"https:\\\/\\\/expleoacademy.com\\\/de-de\\\/#website\",\"url\":\"https:\\\/\\\/expleoacademy.com\\\/de-de\\\/\",\"name\":\"Expleo Academy\",\"description\":\"\",\"publisher\":{\"@id\":\"https:\\\/\\\/expleoacademy.com\\\/de-de\\\/#organization\"},\"potentialAction\":[{\"@type\":\"SearchAction\",\"target\":{\"@type\":\"EntryPoint\",\"urlTemplate\":\"https:\\\/\\\/expleoacademy.com\\\/de-de\\\/?s={search_term_string}\"},\"query-input\":{\"@type\":\"PropertyValueSpecification\",\"valueRequired\":true,\"valueName\":\"search_term_string\"}}],\"inLanguage\":\"de\"},{\"@type\":\"Organization\",\"@id\":\"https:\\\/\\\/expleoacademy.com\\\/de-de\\\/#organization\",\"name\":\"Expleo Academy\",\"url\":\"https:\\\/\\\/expleoacademy.com\\\/de-de\\\/\",\"logo\":{\"@type\":\"ImageObject\",\"inLanguage\":\"de\",\"@id\":\"https:\\\/\\\/expleoacademy.com\\\/de-de\\\/#\\\/schema\\\/logo\\\/image\\\/\",\"url\":\"https:\\\/\\\/expleoacademy.com\\\/de-de\\\/wp-content\\\/uploads\\\/sites\\\/5\\\/2025\\\/02\\\/logo.svg\",\"contentUrl\":\"https:\\\/\\\/expleoacademy.com\\\/de-de\\\/wp-content\\\/uploads\\\/sites\\\/5\\\/2025\\\/02\\\/logo.svg\",\"width\":858,\"height\":396,\"caption\":\"Expleo Academy\"},\"image\":{\"@id\":\"https:\\\/\\\/expleoacademy.com\\\/de-de\\\/#\\\/schema\\\/logo\\\/image\\\/\"}}]}<\/script>\n<!-- \/ Yoast SEO plugin. -->","yoast_head_json":{"title":"Kontakt - Expleo Academy","description":"ontaktieren Sie die Expleo Academy f\u00fcr Trainings, Kursberatung oder individuelle Lernl\u00f6sungen. Wir unterst\u00fctzen Ihre berufliche Weiterentwicklung","robots":{"index":"index","follow":"follow","max-snippet":"max-snippet:-1","max-image-preview":"max-image-preview:large","max-video-preview":"max-video-preview:-1"},"canonical":"https:\/\/expleoacademy.com\/de-de\/kontakt\/","og_locale":"de_DE","og_type":"article","og_title":"Kontakt - Expleo Academy","og_description":"ontaktieren Sie die Expleo Academy f\u00fcr Trainings, Kursberatung oder individuelle Lernl\u00f6sungen. Wir unterst\u00fctzen Ihre berufliche Weiterentwicklung","og_url":"https:\/\/expleoacademy.com\/de-de\/kontakt\/","og_site_name":"Expleo Academy","article_modified_time":"2026-04-07T07:38:33+00:00","og_image":[{"url":"https:\/\/expleoacademy.com\/de-de\/wp-content\/uploads\/sites\/5\/2025\/12\/sabine-von-hanstein.jpg","type":"","width":"","height":""}],"twitter_card":"summary_large_image","twitter_misc":{"Gesch\u00e4tzte Lesezeit":"1\u00a0Minute"},"schema":{"@context":"https:\/\/schema.org","@graph":[{"@type":"WebPage","@id":"https:\/\/expleoacademy.com\/de-de\/kontakt\/","url":"https:\/\/expleoacademy.com\/de-de\/kontakt\/","name":"Kontakt - Expleo Academy","isPartOf":{"@id":"https:\/\/expleoacademy.com\/de-de\/#website"},"primaryImageOfPage":{"@id":"https:\/\/expleoacademy.com\/de-de\/kontakt\/#primaryimage"},"image":{"@id":"https:\/\/expleoacademy.com\/de-de\/kontakt\/#primaryimage"},"thumbnailUrl":"https:\/\/expleoacademy.com\/de-de\/wp-content\/uploads\/sites\/5\/2025\/12\/sabine-von-hanstein.jpg","datePublished":"2025-02-18T10:32:47+00:00","dateModified":"2026-04-07T07:38:33+00:00","description":"ontaktieren Sie die Expleo Academy f\u00fcr Trainings, Kursberatung oder individuelle Lernl\u00f6sungen. Wir unterst\u00fctzen Ihre berufliche Weiterentwicklung","breadcrumb":{"@id":"https:\/\/expleoacademy.com\/de-de\/kontakt\/#breadcrumb"},"inLanguage":"de","potentialAction":[{"@type":"ReadAction","target":["https:\/\/expleoacademy.com\/de-de\/kontakt\/"]}]},{"@type":"ImageObject","inLanguage":"de","@id":"https:\/\/expleoacademy.com\/de-de\/kontakt\/#primaryimage","url":"https:\/\/expleoacademy.com\/de-de\/wp-content\/uploads\/sites\/5\/2025\/12\/sabine-von-hanstein.jpg","contentUrl":"https:\/\/expleoacademy.com\/de-de\/wp-content\/uploads\/sites\/5\/2025\/12\/sabine-von-hanstein.jpg","width":482,"height":482,"caption":"Head of Expleo Academy"},{"@type":"BreadcrumbList","@id":"https:\/\/expleoacademy.com\/de-de\/kontakt\/#breadcrumb","itemListElement":[{"@type":"ListItem","position":1,"name":"Homepage","item":"https:\/\/expleoacademy.com\/de-de\/"},{"@type":"ListItem","position":2,"name":"Kontakt"}]},{"@type":"WebSite","@id":"https:\/\/expleoacademy.com\/de-de\/#website","url":"https:\/\/expleoacademy.com\/de-de\/","name":"Expleo Academy","description":"","publisher":{"@id":"https:\/\/expleoacademy.com\/de-de\/#organization"},"potentialAction":[{"@type":"SearchAction","target":{"@type":"EntryPoint","urlTemplate":"https:\/\/expleoacademy.com\/de-de\/?s={search_term_string}"},"query-input":{"@type":"PropertyValueSpecification","valueRequired":true,"valueName":"search_term_string"}}],"inLanguage":"de"},{"@type":"Organization","@id":"https:\/\/expleoacademy.com\/de-de\/#organization","name":"Expleo Academy","url":"https:\/\/expleoacademy.com\/de-de\/","logo":{"@type":"ImageObject","inLanguage":"de","@id":"https:\/\/expleoacademy.com\/de-de\/#\/schema\/logo\/image\/","url":"https:\/\/expleoacademy.com\/de-de\/wp-content\/uploads\/sites\/5\/2025\/02\/logo.svg","contentUrl":"https:\/\/expleoacademy.com\/de-de\/wp-content\/uploads\/sites\/5\/2025\/02\/logo.svg","width":858,"height":396,"caption":"Expleo Academy"},"image":{"@id":"https:\/\/expleoacademy.com\/de-de\/#\/schema\/logo\/image\/"}}]}},"hreflang":{"rendered":"","structure":[]},"_links":{"self":[{"href":"https:\/\/expleoacademy.com\/de-de\/wp-json\/wp\/v2\/pages\/234","targetHints":{"allow":["GET"]}}],"collection":[{"href":"https:\/\/expleoacademy.com\/de-de\/wp-json\/wp\/v2\/pages"}],"about":[{"href":"https:\/\/expleoacademy.com\/de-de\/wp-json\/wp\/v2\/types\/page"}],"author":[{"embeddable":true,"href":"https:\/\/expleoacademy.com\/de-de\/wp-json\/wp\/v2\/users\/4"}],"replies":[{"embeddable":true,"href":"https:\/\/expleoacademy.com\/de-de\/wp-json\/wp\/v2\/comments?post=234"}],"version-history":[{"count":177,"href":"https:\/\/expleoacademy.com\/de-de\/wp-json\/wp\/v2\/pages\/234\/revisions"}],"predecessor-version":[{"id":6918,"href":"https:\/\/expleoacademy.com\/de-de\/wp-json\/wp\/v2\/pages\/234\/revisions\/6918"}],"wp:attachment":[{"href":"https:\/\/expleoacademy.com\/de-de\/wp-json\/wp\/v2\/media?parent=234"}],"curies":[{"name":"wp","href":"https:\/\/api.w.org\/{rel}","templated":true}]}}